{"id":682,"date":"2023-08-24T21:44:42","date_gmt":"2023-08-24T21:44:42","guid":{"rendered":"https:\/\/mtzingenieria.com\/inicio\/?post_type=product&#038;p=682"},"modified":"2023-09-13T20:25:32","modified_gmt":"2023-09-13T20:25:32","slug":"belarus-132h","status":"publish","type":"product","link":"https:\/\/mtzingenieria.com\/inicio\/producto\/belarus-132h\/","title":{"rendered":"BELARUS 132H"},"content":{"rendered":"<h2>Especificaciones:<\/h2>\n<p>&nbsp;<\/p>\n<p><a href=\"https:\/\/mtzingenieria.com\/inicio\/wp-content\/uploads\/2023\/08\/BELARUS-132.pdf\">BELARUS-132<\/a><\/p>\n","protected":false},"excerpt":{"rendered":"<h4>Motobloque est\u00e1 destinado para la efectuaci\u00f3n de los trabajos agr\u00edcolas, transportaci\u00f3n de cargas, trabajos estables con el accionamiento del \u00e1rbol de toma de fuerza.<\/h4>\n","protected":false},"featured_media":623,"comment_status":"closed","ping_status":"closed","template":"","meta":{"_uag_custom_page_level_css":"","site-sidebar-layout":"default","site-content-layout":"","ast-site-content-layout":"default","site-content-style":"default","site-sidebar-style":"default","ast-global-header-display":"","ast-banner-title-visibility":"","ast-main-header-display":"","ast-hfb-above-header-display":"","ast-hfb-below-header-display":"","ast-hfb-mobile-header-display":"","site-post-title":"","ast-breadcrumbs-content":"","ast-featured-img":"","footer-sml-layout":"","theme-transparent-header-meta":"default","adv-header-id-meta":"","stick-header-meta":"","header-above-stick-meta":"","header-main-stick-meta":"","header-below-stick-meta":"","astra-migrate-meta-layouts":"set"},"product_cat":[20],"product_tag":[],"uagb_featured_image_src":{"full":["https:\/\/mtzingenieria.com\/inicio\/wp-content\/uploads\/2023\/08\/132-1.png",503,480,false],"thumbnail":["https:\/\/mtzingenieria.com\/inicio\/wp-content\/uploads\/2023\/08\/132-1-150x150.png",150,150,true],"medium":["https:\/\/mtzingenieria.com\/inicio\/wp-content\/uploads\/2023\/08\/132-1-300x286.png",300,286,true],"medium_large":["https:\/\/mtzingenieria.com\/inicio\/wp-content\/uploads\/2023\/08\/132-1.png",503,480,false],"large":["https:\/\/mtzingenieria.com\/inicio\/wp-content\/uploads\/2023\/08\/132-1.png",503,480,false],"1536x1536":["https:\/\/mtzingenieria.com\/inicio\/wp-content\/uploads\/2023\/08\/132-1.png",503,480,false],"2048x2048":["https:\/\/mtzingenieria.com\/inicio\/wp-content\/uploads\/2023\/08\/132-1.png",503,480,false],"woocommerce_thumbnail":["https:\/\/mtzingenieria.com\/inicio\/wp-content\/uploads\/2023\/08\/132-1-300x286.png",300,286,true],"woocommerce_single":["https:\/\/mtzingenieria.com\/inicio\/wp-content\/uploads\/2023\/08\/132-1.png",503,480,false],"woocommerce_gallery_thumbnail":["https:\/\/mtzingenieria.com\/inicio\/wp-content\/uploads\/2023\/08\/132-1-100x100.png",100,100,true]},"uagb_author_info":{"display_name":"Mateo Cruz","author_link":"https:\/\/mtzingenieria.com\/inicio\/author\/"},"uagb_comment_info":0,"uagb_excerpt":"Motobloque est\u00e1 destinado para la efectuaci\u00f3n de los trabajos agr\u00edcolas, transportaci\u00f3n de cargas, trabajos estables con el accionamiento del \u00e1rbol de toma de fuerza.","_links":{"self":[{"href":"https:\/\/mtzingenieria.com\/inicio\/wp-json\/wp\/v2\/product\/682"}],"collection":[{"href":"https:\/\/mtzingenieria.com\/inicio\/wp-json\/wp\/v2\/product"}],"about":[{"href":"https:\/\/mtzingenieria.com\/inicio\/wp-json\/wp\/v2\/types\/product"}],"replies":[{"embeddable":true,"href":"https:\/\/mtzingenieria.com\/inicio\/wp-json\/wp\/v2\/comments?post=682"}],"wp:featuredmedia":[{"embeddable":true,"href":"https:\/\/mtzingenieria.com\/inicio\/wp-json\/wp\/v2\/media\/623"}],"wp:attachment":[{"href":"https:\/\/mtzingenieria.com\/inicio\/wp-json\/wp\/v2\/media?parent=682"}],"wp:term":[{"taxonomy":"product_cat","embeddable":true,"href":"https:\/\/mtzingenieria.com\/inicio\/wp-json\/wp\/v2\/product_cat?post=682"},{"taxonomy":"product_tag","embeddable":true,"href":"https:\/\/mtzingenieria.com\/inicio\/wp-json\/wp\/v2\/product_tag?post=682"}],"curies":[{"name":"wp","href":"https:\/\/api.w.org\/{rel}","templated":true}]}}