{"id":730,"date":"2023-09-12T00:35:22","date_gmt":"2023-09-12T00:35:22","guid":{"rendered":"https:\/\/mtzingenieria.com\/inicio\/?post_type=product&#038;p=730"},"modified":"2023-09-12T00:35:22","modified_gmt":"2023-09-12T00:35:22","slug":"belarus-152","status":"publish","type":"product","link":"https:\/\/mtzingenieria.com\/inicio\/producto\/belarus-152\/","title":{"rendered":"BELARUS 152"},"content":{"rendered":"<h3>ESPECIFICACIONES<\/h3>\n<ul>\n<li>\n<h5><a href=\"https:\/\/mtzingenieria.com\/inicio\/wp-content\/uploads\/2023\/09\/BELARUS-152H.pdf\">BELARUS-152H<\/a><\/h5>\n<\/li>\n<\/ul>\n","protected":false},"excerpt":{"rendered":"<h5>Este es un tractor de ruedas compacto de clase de tracci\u00f3n 0.2 con disposici\u00f3n de ruedas 4\u00d74. Est\u00e1 dise\u00f1ado para operaciones agr\u00edcolas en peque\u00f1as parcelas de terreno en contorno, para labranza primaria y previa a la siembra, siembra y siega de c\u00e9sped, cultivo en hileras con espaciado entre hileras acoplado con m\u00e1quinas e implementos montados y remolcados, para diversos trabajos en los servicios p\u00fablicos y la industria.<\/h5>\n","protected":false},"featured_media":735,"comment_status":"open","ping_status":"closed","template":"","meta":{"_uag_custom_page_level_css":"","site-sidebar-layout":"default","site-content-layout":"","ast-site-content-layout":"default","site-content-style":"default","site-sidebar-style":"default","ast-global-header-display":"","ast-banner-title-visibility":"","ast-main-header-display":"","ast-hfb-above-header-display":"","ast-hfb-below-header-display":"","ast-hfb-mobile-header-display":"","site-post-title":"","ast-breadcrumbs-content":"","ast-featured-img":"","footer-sml-layout":"","theme-transparent-header-meta":"default","adv-header-id-meta":"","stick-header-meta":"","header-above-stick-meta":"","header-main-stick-meta":"","header-below-stick-meta":"","astra-migrate-meta-layouts":"set"},"product_cat":[20],"product_tag":[],"uagb_featured_image_src":{"full":["https:\/\/mtzingenieria.com\/inicio\/wp-content\/uploads\/2023\/09\/152-removebg-preview.png",804,804,false],"thumbnail":["https:\/\/mtzingenieria.com\/inicio\/wp-content\/uploads\/2023\/09\/152-removebg-preview-150x150.png",150,150,true],"medium":["https:\/\/mtzingenieria.com\/inicio\/wp-content\/uploads\/2023\/09\/152-removebg-preview-300x300.png",300,300,true],"medium_large":["https:\/\/mtzingenieria.com\/inicio\/wp-content\/uploads\/2023\/09\/152-removebg-preview-768x768.png",768,768,true],"large":["https:\/\/mtzingenieria.com\/inicio\/wp-content\/uploads\/2023\/09\/152-removebg-preview.png",804,804,false],"1536x1536":["https:\/\/mtzingenieria.com\/inicio\/wp-content\/uploads\/2023\/09\/152-removebg-preview.png",804,804,false],"2048x2048":["https:\/\/mtzingenieria.com\/inicio\/wp-content\/uploads\/2023\/09\/152-removebg-preview.png",804,804,false],"woocommerce_thumbnail":["https:\/\/mtzingenieria.com\/inicio\/wp-content\/uploads\/2023\/09\/152-removebg-preview-300x300.png",300,300,true],"woocommerce_single":["https:\/\/mtzingenieria.com\/inicio\/wp-content\/uploads\/2023\/09\/152-removebg-preview-600x600.png",600,600,true],"woocommerce_gallery_thumbnail":["https:\/\/mtzingenieria.com\/inicio\/wp-content\/uploads\/2023\/09\/152-removebg-preview-100x100.png",100,100,true]},"uagb_author_info":{"display_name":"Mateo Cruz","author_link":"https:\/\/mtzingenieria.com\/inicio\/author\/"},"uagb_comment_info":0,"uagb_excerpt":"Este es un tractor de ruedas compacto de clase de tracci\u00f3n 0.2 con disposici\u00f3n de ruedas 4\u00d74. Est\u00e1 dise\u00f1ado para operaciones agr\u00edcolas en peque\u00f1as parcelas de terreno en contorno, para labranza primaria y previa a la siembra, siembra y siega de c\u00e9sped, cultivo en hileras con espaciado entre hileras acoplado con m\u00e1quinas e implementos montados&hellip;","_links":{"self":[{"href":"https:\/\/mtzingenieria.com\/inicio\/wp-json\/wp\/v2\/product\/730"}],"collection":[{"href":"https:\/\/mtzingenieria.com\/inicio\/wp-json\/wp\/v2\/product"}],"about":[{"href":"https:\/\/mtzingenieria.com\/inicio\/wp-json\/wp\/v2\/types\/product"}],"replies":[{"embeddable":true,"href":"https:\/\/mtzingenieria.com\/inicio\/wp-json\/wp\/v2\/comments?post=730"}],"wp:featuredmedia":[{"embeddable":true,"href":"https:\/\/mtzingenieria.com\/inicio\/wp-json\/wp\/v2\/media\/735"}],"wp:attachment":[{"href":"https:\/\/mtzingenieria.com\/inicio\/wp-json\/wp\/v2\/media?parent=730"}],"wp:term":[{"taxonomy":"product_cat","embeddable":true,"href":"https:\/\/mtzingenieria.com\/inicio\/wp-json\/wp\/v2\/product_cat?post=730"},{"taxonomy":"product_tag","embeddable":true,"href":"https:\/\/mtzingenieria.com\/inicio\/wp-json\/wp\/v2\/product_tag?post=730"}],"curies":[{"name":"wp","href":"https:\/\/api.w.org\/{rel}","templated":true}]}}