{"id":784,"date":"2023-09-12T20:10:06","date_gmt":"2023-09-12T20:10:06","guid":{"rendered":"https:\/\/mtzingenieria.com\/inicio\/?post_type=product&#038;p=784"},"modified":"2023-09-12T20:10:07","modified_gmt":"2023-09-12T20:10:07","slug":"belarus-1523","status":"publish","type":"product","link":"https:\/\/mtzingenieria.com\/inicio\/producto\/belarus-1523\/","title":{"rendered":"BELARUS 1523"},"content":{"rendered":"<h4>ESPECIFICACIONES<\/h4>\n<ul>\n<li>\n<h5><a href=\"https:\/\/mtzingenieria.com\/inicio\/wp-content\/uploads\/2023\/09\/BELARUS-1523_2.pdf\">BELARUS-1523_2<\/a><\/h5>\n<\/li>\n<\/ul>\n","protected":false},"excerpt":{"rendered":"<h5>El tractor est\u00e1 destinado para la efectuaci\u00f3n de diferentes trabajos de agricultura de destino com\u00fan, cultivaci\u00f3n del suelo principal y antes de la siembra. Realiza la siembra integrado en los grupos de m\u00e1quinas combinadas y de gran abarcamiento; como parte de los complejos-cosechadoras de alto rendimiento se ocupa de trabajos de recolecci\u00f3n, trabajos de transporte.<\/h5>\n","protected":false},"featured_media":789,"comment_status":"open","ping_status":"closed","template":"","meta":{"_uag_custom_page_level_css":"","site-sidebar-layout":"default","site-content-layout":"","ast-site-content-layout":"default","site-content-style":"default","site-sidebar-style":"default","ast-global-header-display":"","ast-banner-title-visibility":"","ast-main-header-display":"","ast-hfb-above-header-display":"","ast-hfb-below-header-display":"","ast-hfb-mobile-header-display":"","site-post-title":"","ast-breadcrumbs-content":"","ast-featured-img":"","footer-sml-layout":"","theme-transparent-header-meta":"default","adv-header-id-meta":"","stick-header-meta":"","header-above-stick-meta":"","header-main-stick-meta":"","header-below-stick-meta":"","astra-migrate-meta-layouts":"set"},"product_cat":[20],"product_tag":[],"uagb_featured_image_src":{"full":["https:\/\/mtzingenieria.com\/inicio\/wp-content\/uploads\/2023\/09\/49_75_8_1523_3_.png",597,480,false],"thumbnail":["https:\/\/mtzingenieria.com\/inicio\/wp-content\/uploads\/2023\/09\/49_75_8_1523_3_-150x150.png",150,150,true],"medium":["https:\/\/mtzingenieria.com\/inicio\/wp-content\/uploads\/2023\/09\/49_75_8_1523_3_-300x241.png",300,241,true],"medium_large":["https:\/\/mtzingenieria.com\/inicio\/wp-content\/uploads\/2023\/09\/49_75_8_1523_3_.png",597,480,false],"large":["https:\/\/mtzingenieria.com\/inicio\/wp-content\/uploads\/2023\/09\/49_75_8_1523_3_.png",597,480,false],"1536x1536":["https:\/\/mtzingenieria.com\/inicio\/wp-content\/uploads\/2023\/09\/49_75_8_1523_3_.png",597,480,false],"2048x2048":["https:\/\/mtzingenieria.com\/inicio\/wp-content\/uploads\/2023\/09\/49_75_8_1523_3_.png",597,480,false],"woocommerce_thumbnail":["https:\/\/mtzingenieria.com\/inicio\/wp-content\/uploads\/2023\/09\/49_75_8_1523_3_-300x241.png",300,241,true],"woocommerce_single":["https:\/\/mtzingenieria.com\/inicio\/wp-content\/uploads\/2023\/09\/49_75_8_1523_3_.png",597,480,false],"woocommerce_gallery_thumbnail":["https:\/\/mtzingenieria.com\/inicio\/wp-content\/uploads\/2023\/09\/49_75_8_1523_3_-100x100.png",100,100,true]},"uagb_author_info":{"display_name":"Mateo Cruz","author_link":"https:\/\/mtzingenieria.com\/inicio\/author\/"},"uagb_comment_info":0,"uagb_excerpt":"El tractor est\u00e1 destinado para la efectuaci\u00f3n de diferentes trabajos de agricultura de destino com\u00fan, cultivaci\u00f3n del suelo principal y antes de la siembra. Realiza la siembra integrado en los grupos de m\u00e1quinas combinadas y de gran abarcamiento; como parte de los complejos-cosechadoras de alto rendimiento se ocupa de trabajos de recolecci\u00f3n, trabajos de transporte.","_links":{"self":[{"href":"https:\/\/mtzingenieria.com\/inicio\/wp-json\/wp\/v2\/product\/784"}],"collection":[{"href":"https:\/\/mtzingenieria.com\/inicio\/wp-json\/wp\/v2\/product"}],"about":[{"href":"https:\/\/mtzingenieria.com\/inicio\/wp-json\/wp\/v2\/types\/product"}],"replies":[{"embeddable":true,"href":"https:\/\/mtzingenieria.com\/inicio\/wp-json\/wp\/v2\/comments?post=784"}],"wp:featuredmedia":[{"embeddable":true,"href":"https:\/\/mtzingenieria.com\/inicio\/wp-json\/wp\/v2\/media\/789"}],"wp:attachment":[{"href":"https:\/\/mtzingenieria.com\/inicio\/wp-json\/wp\/v2\/media?parent=784"}],"wp:term":[{"taxonomy":"product_cat","embeddable":true,"href":"https:\/\/mtzingenieria.com\/inicio\/wp-json\/wp\/v2\/product_cat?post=784"},{"taxonomy":"product_tag","embeddable":true,"href":"https:\/\/mtzingenieria.com\/inicio\/wp-json\/wp\/v2\/product_tag?post=784"}],"curies":[{"name":"wp","href":"https:\/\/api.w.org\/{rel}","templated":true}]}}