{"id":808,"date":"2023-09-13T16:04:28","date_gmt":"2023-09-13T16:04:28","guid":{"rendered":"https:\/\/mtzingenieria.com\/inicio\/?post_type=product&#038;p=808"},"modified":"2023-09-13T16:04:28","modified_gmt":"2023-09-13T16:04:28","slug":"belarus-3522","status":"publish","type":"product","link":"https:\/\/mtzingenieria.com\/inicio\/producto\/belarus-3522\/","title":{"rendered":"BELARUS 3522"},"content":{"rendered":"<h2>ESPECIFICACIONES<\/h2>\n<h3><a href=\"https:\/\/mtzingenieria.com\/inicio\/wp-content\/uploads\/2023\/09\/BELARUS-3522.pdf\">BELARUS-3522<\/a><\/h3>\n","protected":false},"excerpt":{"rendered":"<h4>El tractor est\u00e1 destinado para los trabajos agr\u00edcolas intensivos en energ\u00eda en los reg\u00edmenes de tracci\u00f3n y tracci\u00f3n-accionamiento integrado en los grupos de m\u00e1quinas combinadas y de gran abarcamiento, incluso con el dispositivo suspendido de escalonamiento, cultivaci\u00f3n del suelo principal y antes de la siembra, siembra de los cereales y otros cultivos, prepearaci\u00f3n del forraje, recolecci\u00f3n de tub\u00e9rculos, cereales y plantas industriales; para los trabajos de transporte, trabajos estables, en la construcci\u00f3n e industria.<\/h4>\n","protected":false},"featured_media":810,"comment_status":"open","ping_status":"closed","template":"","meta":{"_uag_custom_page_level_css":"","site-sidebar-layout":"default","site-content-layout":"","ast-site-content-layout":"default","site-content-style":"default","site-sidebar-style":"default","ast-global-header-display":"","ast-banner-title-visibility":"","ast-main-header-display":"","ast-hfb-above-header-display":"","ast-hfb-below-header-display":"","ast-hfb-mobile-header-display":"","site-post-title":"","ast-breadcrumbs-content":"","ast-featured-img":"","footer-sml-layout":"","theme-transparent-header-meta":"default","adv-header-id-meta":"","stick-header-meta":"","header-above-stick-meta":"","header-main-stick-meta":"","header-below-stick-meta":"","astra-migrate-meta-layouts":"set"},"product_cat":[20],"product_tag":[],"uagb_featured_image_src":{"full":["https:\/\/mtzingenieria.com\/inicio\/wp-content\/uploads\/2023\/09\/3522-2.png",610,440,false],"thumbnail":["https:\/\/mtzingenieria.com\/inicio\/wp-content\/uploads\/2023\/09\/3522-2-150x150.png",150,150,true],"medium":["https:\/\/mtzingenieria.com\/inicio\/wp-content\/uploads\/2023\/09\/3522-2-300x216.png",300,216,true],"medium_large":["https:\/\/mtzingenieria.com\/inicio\/wp-content\/uploads\/2023\/09\/3522-2.png",610,440,false],"large":["https:\/\/mtzingenieria.com\/inicio\/wp-content\/uploads\/2023\/09\/3522-2.png",610,440,false],"1536x1536":["https:\/\/mtzingenieria.com\/inicio\/wp-content\/uploads\/2023\/09\/3522-2.png",610,440,false],"2048x2048":["https:\/\/mtzingenieria.com\/inicio\/wp-content\/uploads\/2023\/09\/3522-2.png",610,440,false],"woocommerce_thumbnail":["https:\/\/mtzingenieria.com\/inicio\/wp-content\/uploads\/2023\/09\/3522-2-300x216.png",300,216,true],"woocommerce_single":["https:\/\/mtzingenieria.com\/inicio\/wp-content\/uploads\/2023\/09\/3522-2-600x433.png",600,433,true],"woocommerce_gallery_thumbnail":["https:\/\/mtzingenieria.com\/inicio\/wp-content\/uploads\/2023\/09\/3522-2-100x100.png",100,100,true]},"uagb_author_info":{"display_name":"Mateo Cruz","author_link":"https:\/\/mtzingenieria.com\/inicio\/author\/"},"uagb_comment_info":0,"uagb_excerpt":"El tractor est\u00e1 destinado para los trabajos agr\u00edcolas intensivos en energ\u00eda en los reg\u00edmenes de tracci\u00f3n y tracci\u00f3n-accionamiento integrado en los grupos de m\u00e1quinas combinadas y de gran abarcamiento, incluso con el dispositivo suspendido de escalonamiento, cultivaci\u00f3n del suelo principal y antes de la siembra, siembra de los cereales y otros cultivos, prepearaci\u00f3n del forraje,&hellip;","_links":{"self":[{"href":"https:\/\/mtzingenieria.com\/inicio\/wp-json\/wp\/v2\/product\/808"}],"collection":[{"href":"https:\/\/mtzingenieria.com\/inicio\/wp-json\/wp\/v2\/product"}],"about":[{"href":"https:\/\/mtzingenieria.com\/inicio\/wp-json\/wp\/v2\/types\/product"}],"replies":[{"embeddable":true,"href":"https:\/\/mtzingenieria.com\/inicio\/wp-json\/wp\/v2\/comments?post=808"}],"wp:featuredmedia":[{"embeddable":true,"href":"https:\/\/mtzingenieria.com\/inicio\/wp-json\/wp\/v2\/media\/810"}],"wp:attachment":[{"href":"https:\/\/mtzingenieria.com\/inicio\/wp-json\/wp\/v2\/media?parent=808"}],"wp:term":[{"taxonomy":"product_cat","embeddable":true,"href":"https:\/\/mtzingenieria.com\/inicio\/wp-json\/wp\/v2\/product_cat?post=808"},{"taxonomy":"product_tag","embeddable":true,"href":"https:\/\/mtzingenieria.com\/inicio\/wp-json\/wp\/v2\/product_tag?post=808"}],"curies":[{"name":"wp","href":"https:\/\/api.w.org\/{rel}","templated":true}]}}