{"id":847,"date":"2023-09-13T20:14:39","date_gmt":"2023-09-13T20:14:39","guid":{"rendered":"https:\/\/mtzingenieria.com\/inicio\/?post_type=product&#038;p=847"},"modified":"2023-09-13T20:14:39","modified_gmt":"2023-09-13T20:14:39","slug":"mtz-t5","status":"publish","type":"product","link":"https:\/\/mtzingenieria.com\/inicio\/producto\/mtz-t5\/","title":{"rendered":"MTZ T5"},"content":{"rendered":"","protected":false},"excerpt":{"rendered":"<h2>CARACTERISTICAS<\/h2>\n<ul>\n<li>\n<h5>Sistema inteligente Linux+QualcommMDM9628 Cortex-A7.<\/h5>\n<\/li>\n<li>\n<h5>Soporta BDS, GPS, GLONASS, Galileo , soporta se\u00f1ales globales BD3.<\/h5>\n<\/li>\n<li>\n<h5>Posicionamiento a nivel centim\u00e9trico.<\/h5>\n<\/li>\n<li>\n<h5>Soporta medici\u00f3n de inclinaci\u00f3n, y cumplir con la precisi\u00f3n de posicionamiento de menos de 2 cm dentro del rango de inclinaci\u00f3n de 60 \u00b0.<\/h5>\n<\/li>\n<li>\n<h5>Soporta 4G, Radio, Bluetooth y WiFi, y trabajar con mayor flexibilidad.<\/h5>\n<\/li>\n<li>\n<h5>Incorpora bater\u00eda de litio de alta capacidad, ultra larga duraci\u00f3n.<\/h5>\n<\/li>\n<li>\n<h5>Dise\u00f1o industrial, s\u00f3lida carcasa de aleaci\u00f3n de magnesio, en l\u00ednea con los requisitos de dise\u00f1o IP65, seguro y fiable.<\/h5>\n<\/li>\n<\/ul>\n","protected":false},"featured_media":849,"comment_status":"open","ping_status":"closed","template":"","meta":{"_uag_custom_page_level_css":"","site-sidebar-layout":"default","site-content-layout":"","ast-site-content-layout":"default","site-content-style":"default","site-sidebar-style":"default","ast-global-header-display":"","ast-banner-title-visibility":"","ast-main-header-display":"","ast-hfb-above-header-display":"","ast-hfb-below-header-display":"","ast-hfb-mobile-header-display":"","site-post-title":"","ast-breadcrumbs-content":"","ast-featured-img":"","footer-sml-layout":"","theme-transparent-header-meta":"default","adv-header-id-meta":"","stick-header-meta":"","header-above-stick-meta":"","header-main-stick-meta":"","header-below-stick-meta":"","astra-migrate-meta-layouts":"set"},"product_cat":[25],"product_tag":[],"uagb_featured_image_src":{"full":["https:\/\/mtzingenieria.com\/inicio\/wp-content\/uploads\/2023\/09\/t5.png",936,804,false],"thumbnail":["https:\/\/mtzingenieria.com\/inicio\/wp-content\/uploads\/2023\/09\/t5-150x150.png",150,150,true],"medium":["https:\/\/mtzingenieria.com\/inicio\/wp-content\/uploads\/2023\/09\/t5-300x258.png",300,258,true],"medium_large":["https:\/\/mtzingenieria.com\/inicio\/wp-content\/uploads\/2023\/09\/t5-768x660.png",768,660,true],"large":["https:\/\/mtzingenieria.com\/inicio\/wp-content\/uploads\/2023\/09\/t5.png",936,804,false],"1536x1536":["https:\/\/mtzingenieria.com\/inicio\/wp-content\/uploads\/2023\/09\/t5.png",936,804,false],"2048x2048":["https:\/\/mtzingenieria.com\/inicio\/wp-content\/uploads\/2023\/09\/t5.png",936,804,false],"woocommerce_thumbnail":["https:\/\/mtzingenieria.com\/inicio\/wp-content\/uploads\/2023\/09\/t5-300x258.png",300,258,true],"woocommerce_single":["https:\/\/mtzingenieria.com\/inicio\/wp-content\/uploads\/2023\/09\/t5-600x515.png",600,515,true],"woocommerce_gallery_thumbnail":["https:\/\/mtzingenieria.com\/inicio\/wp-content\/uploads\/2023\/09\/t5-100x100.png",100,100,true]},"uagb_author_info":{"display_name":"Mateo Cruz","author_link":"https:\/\/mtzingenieria.com\/inicio\/author\/"},"uagb_comment_info":0,"uagb_excerpt":"CARACTERISTICAS Sistema inteligente Linux+QualcommMDM9628 Cortex-A7. Soporta BDS, GPS, GLONASS, Galileo , soporta se\u00f1ales globales BD3. Posicionamiento a nivel centim\u00e9trico. Soporta medici\u00f3n de inclinaci\u00f3n, y cumplir con la precisi\u00f3n de posicionamiento de menos de 2 cm dentro del rango de inclinaci\u00f3n de 60 \u00b0. Soporta 4G, Radio, Bluetooth y WiFi, y trabajar con mayor flexibilidad. Incorpora&hellip;","_links":{"self":[{"href":"https:\/\/mtzingenieria.com\/inicio\/wp-json\/wp\/v2\/product\/847"}],"collection":[{"href":"https:\/\/mtzingenieria.com\/inicio\/wp-json\/wp\/v2\/product"}],"about":[{"href":"https:\/\/mtzingenieria.com\/inicio\/wp-json\/wp\/v2\/types\/product"}],"replies":[{"embeddable":true,"href":"https:\/\/mtzingenieria.com\/inicio\/wp-json\/wp\/v2\/comments?post=847"}],"wp:featuredmedia":[{"embeddable":true,"href":"https:\/\/mtzingenieria.com\/inicio\/wp-json\/wp\/v2\/media\/849"}],"wp:attachment":[{"href":"https:\/\/mtzingenieria.com\/inicio\/wp-json\/wp\/v2\/media?parent=847"}],"wp:term":[{"taxonomy":"product_cat","embeddable":true,"href":"https:\/\/mtzingenieria.com\/inicio\/wp-json\/wp\/v2\/product_cat?post=847"},{"taxonomy":"product_tag","embeddable":true,"href":"https:\/\/mtzingenieria.com\/inicio\/wp-json\/wp\/v2\/product_tag?post=847"}],"curies":[{"name":"wp","href":"https:\/\/api.w.org\/{rel}","templated":true}]}}